{"id":2,"date":"2011-08-05T17:59:51","date_gmt":"2011-08-05T17:59:51","guid":{"rendered":"http:\/\/serviciolasimdepuebla.com.mx\/?page_id=2"},"modified":"2021-06-09T12:14:53","modified_gmt":"2021-06-09T18:14:53","slug":"pagina-ejemplo","status":"publish","type":"page","link":"https:\/\/serviciolasimdepuebla.com.mx\/?page_id=2","title":{"rendered":"Contacto"},"content":{"rendered":"<h3><span style=\"color: #008000;\">Contactamos a trav\u00e9s de cualquiera de nuestros establecimientos ubicados en:\u00a0<\/span><\/h3>\n<table>\n<tbody>\n<tr>\n<td><span style=\"font-family: verdana, geneva, sans-serif; font-size: 12pt;\">\u201cMatriz\u201d de Emisiones Contaminantes: Carretera V\u00eda Corta a Santa Ana km 2.5 No.17, Col. San Jos\u00e9 del Conde Puebla, Pue., C.P. 72100<\/span><\/p>\n<p><span style=\"font-family: verdana, geneva, sans-serif; font-size: 12pt;\">Tel\u00e9fonos: 222 122 81 27 y\u00a0 222 122 89 49<\/span><\/p>\n<p><span style=\"font-family: verdana, geneva, sans-serif; font-size: 12pt;\">Correo electr\u00f3nico: servicios_lasim@hotmail.com<\/span><\/td>\n<td><iframe loading=\"lazy\" style=\"border: 0;\" src=\"https:\/\/www.google.com\/maps\/embed?pb=!1m18!1m12!1m3!1d3770.1056880079627!2d-98.18482618509843!3d19.103018887072444!2m3!1f0!2f0!3f0!3m2!1i1024!2i768!4f13.1!3m3!1m2!1s0x85cfc3d5dbf027a7%3A0xeb600a751c0544d9!2sServicio+Lasim+De+Puebla%2C+Sa+De+Cv!5e0!3m2!1ses-419!2smx!4v1548449673674\" width=\"300\" height=\"300\" frameborder=\"0\" allowfullscreen=\"allowfullscreen\"><\/iframe><\/td>\n<\/tr>\n<tr>\n<td><span style=\"font-family: verdana, geneva, sans-serif; font-size: 12pt;\">\u201cMatriz\u201d de Condiciones F\u00edsico Mec\u00e1nicas: Av. Tlaxcala No. 98 Sur, Km 150, Carretera a Tlaxcala, Panzacola, Tlaxcala, C.P. 90796.<\/span><\/td>\n<td><iframe loading=\"lazy\" style=\"border: 0;\" src=\"https:\/\/www.google.com\/maps\/embed?pb=!1m18!1m12!1m3!1d3769.133229759174!2d-98.22479488562215!3d19.145644554756057!2m3!1f0!2f0!3f0!3m2!1i1024!2i768!4f13.1!3m3!1m2!1s0x85cfc47f949ac2fd%3A0xe3ef6ce77af42366!2sAv.+Tlaxcala+sur+98%2C+Panzacola%2C+90796+Papalotla%2C+Tlax.!5e0!3m2!1ses-419!2smx!4v1548450123765\" width=\"300\" height=\"300\" frameborder=\"0\" allowfullscreen=\"allowfullscreen\"><\/iframe><\/td>\n<\/tr>\n<tr>\n<td><span style=\"font-family: verdana, geneva, sans-serif; font-size: 12pt;\">\u201cSucursal M\u00e9rida\u201d de Emisiones Contaminantes y Condiciones F\u00edsico Mec\u00e1nicas: Calle 32 N\u00famero 419 Colonia el Roble Agr\u00edcola, M\u00e9rida Yucat\u00e1n, C.P.97295.<\/span><\/td>\n<td><iframe loading=\"lazy\" style=\"border: 0;\" src=\"https:\/\/www.google.com\/maps\/embed?pb=!1m18!1m12!1m3!1d11167.966824714309!2d-89.68900048240228!3d20.917876933234798!2m3!1f0!2f0!3f0!3m2!1i1024!2i768!4f13.1!3m3!1m2!1s0x8f5672bd3f06bf9b%3A0x7ed5e8adc949e240!2sCalle+32+419%2C+El+Roble+Agr%C3%ADcola%2C+97255+M%C3%A9rida%2C+Yuc.!5e0!3m2!1ses-419!2smx!4v1548450308143\" width=\"300\" height=\"300\" frameborder=\"0\" allowfullscreen=\"allowfullscreen\"><\/iframe><\/td>\n<\/tr>\n<\/tbody>\n<\/table>\n<hr \/>\n<p style=\"text-align: center;\">\n","protected":false},"excerpt":{"rendered":"<p>Contactamos a trav\u00e9s de cualquiera de nuestros establecimientos ubicados en:\u00a0 \u201cMatriz\u201d de Emisiones Contaminantes: Carretera V\u00eda Corta a Santa Ana km 2.5 No.17, Col. San Jos\u00e9 del Conde Puebla, Pue., C.P. 72100 Tel\u00e9fonos: 222 122 81 27 y\u00a0 222 122 89 49 Correo electr\u00f3nico: servicios_lasim@hotmail.com \u201cMatriz\u201d de Condiciones F\u00edsico Mec\u00e1nicas: Av. Tlaxcala No. 98 Sur, [&hellip;]<\/p>\n","protected":false},"author":1,"featured_media":0,"parent":0,"menu_order":0,"comment_status":"closed","ping_status":"closed","template":"","meta":[],"_links":{"self":[{"href":"https:\/\/serviciolasimdepuebla.com.mx\/index.php?rest_route=\/wp\/v2\/pages\/2"}],"collection":[{"href":"https:\/\/serviciolasimdepuebla.com.mx\/index.php?rest_route=\/wp\/v2\/pages"}],"about":[{"href":"https:\/\/serviciolasimdepuebla.com.mx\/index.php?rest_route=\/wp\/v2\/types\/page"}],"author":[{"embeddable":true,"href":"https:\/\/serviciolasimdepuebla.com.mx\/index.php?rest_route=\/wp\/v2\/users\/1"}],"replies":[{"embeddable":true,"href":"https:\/\/serviciolasimdepuebla.com.mx\/index.php?rest_route=%2Fwp%2Fv2%2Fcomments&post=2"}],"version-history":[{"count":42,"href":"https:\/\/serviciolasimdepuebla.com.mx\/index.php?rest_route=\/wp\/v2\/pages\/2\/revisions"}],"predecessor-version":[{"id":553,"href":"https:\/\/serviciolasimdepuebla.com.mx\/index.php?rest_route=\/wp\/v2\/pages\/2\/revisions\/553"}],"wp:attachment":[{"href":"https:\/\/serviciolasimdepuebla.com.mx\/index.php?rest_route=%2Fwp%2Fv2%2Fmedia&parent=2"}],"curies":[{"name":"wp","href":"https:\/\/api.w.org\/{rel}","templated":true}]}}