{"id":259,"date":"2019-01-24T11:49:35","date_gmt":"2019-01-24T17:49:35","guid":{"rendered":"http:\/\/serviciolasimdepuebla.com.mx\/?page_id=259"},"modified":"2023-06-05T16:26:21","modified_gmt":"2023-06-05T22:26:21","slug":"normativa","status":"publish","type":"page","link":"https:\/\/serviciolasimdepuebla.com.mx\/?page_id=259","title":{"rendered":"Normativa"},"content":{"rendered":"<p><span style=\"font-family: verdana, geneva, sans-serif; font-size: 12pt;\"><a href=\"http:\/\/serviciolasimdepuebla.com.mx\/wp-content\/uploads\/2011\/08\/csm_emprendedores-empresa-icono_80f08c4492.png\"><img loading=\"lazy\" class=\" wp-image-418 alignright\" src=\"http:\/\/serviciolasimdepuebla.com.mx\/wp-content\/uploads\/2011\/08\/csm_emprendedores-empresa-icono_80f08c4492-300x225.png\" alt=\"csm_emprendedores-empresa-icono_80f08c4492\" width=\"118\" height=\"88\" srcset=\"https:\/\/serviciolasimdepuebla.com.mx\/wp-content\/uploads\/2011\/08\/csm_emprendedores-empresa-icono_80f08c4492-300x225.png 300w, https:\/\/serviciolasimdepuebla.com.mx\/wp-content\/uploads\/2011\/08\/csm_emprendedores-empresa-icono_80f08c4492-1x1.png 1w, https:\/\/serviciolasimdepuebla.com.mx\/wp-content\/uploads\/2011\/08\/csm_emprendedores-empresa-icono_80f08c4492.png 900w\" sizes=\"(max-width: 118px) 100vw, 118px\" \/><\/a>Nuestro <strong><span style=\"color: #008000;\">sistema de gesti\u00f3n de calidad<\/span><\/strong> se basa en los requisitos de la <strong><span style=\"color: #008000;\">Norma NMX-EC-17020-IMNC-2014<\/span><\/strong> y considera el cumplimiento de las siguientes referencias normativas vigentes:<\/span><\/p>\n<p>&nbsp;<\/p>\n<ul>\n<li><span style=\"color: #008000; font-family: verdana, geneva, sans-serif;\"><span style=\"color: #008000; font-family: verdana, geneva, sans-serif;\"><a style=\"color: #008000;\" href=\"http:\/\/www.sct.gob.mx\/fileadmin\/_migrated\/content_uploads\/10_Reglamento_de_Autotransporte_Federal_y_Servicios_Aux.pdf\" target=\"_blank\" rel=\"noopener\">Reglamento de Autotransporte Federal y Servicio Auxiliares<\/a><\/span><\/span><br \/>\n<hr \/>\n<\/li>\n<li style=\"text-align: justify;\"><span style=\"color: #008000; font-family: verdana, geneva, sans-serif;\"><span style=\"color: #008000; font-family: verdana, geneva, sans-serif;\"><span style=\"color: #008000; font-family: verdana, geneva, sans-serif;\"><a style=\"color: #008000;\" href=\"http:\/\/www.sct.gob.mx\/obrapublica\/MarcoNormativo\/3\/3-1\/3-1-6.pdf\" target=\"_blank\" rel=\"noopener\">Ley de Caminos, Puentes y Autotransporte Federal\u00a0y su\u00a0Reglamento<\/a><\/span><\/span><\/span><br \/>\n<hr \/>\n<\/li>\n<li style=\"text-align: justify;\"><span style=\"color: #008000; font-family: verdana, geneva, sans-serif;\"><a style=\"color: #008000;\" href=\"http:\/\/www.sct.gob.mx\/fileadmin\/normatividad\/web\/transporteTerrestre\/5.pdf\" target=\"_blank\" rel=\"noopener\">Reglamento de Tr\u00e1nsito en Carreteras Federales<\/a><\/span><br \/>\n<hr \/>\n<\/li>\n<\/ul>\n<ul>\n<li style=\"text-align: justify;\"><span style=\"color: #008000;\"><span style=\"font-family: verdana, geneva, sans-serif;\"><a style=\"color: #008000;\" href=\"https:\/\/www.diputados.gob.mx\/LeyesBiblio\/pdf\/LICal_010720.pdf\" target=\"_blank\" rel=\"noopener\">Ley de Infrestructura de la Calidad<\/a><\/span>\u00a0<\/span>\n<ul>\n<li style=\"text-align: justify;\"><span style=\"color: #008000; font-family: verdana, geneva, sans-serif;\"><span style=\"color: #008000;\"><a style=\"color: #008000;\" href=\"http:\/\/www.diputados.gob.mx\/LeyesBiblio\/regley\/Reg_LFMN.pdf\" target=\"_blank\" rel=\"noopener\">Reglamento de la\u00a0Ley Federal sobre Metrolog\u00eda y Normalizaci\u00f3n<\/a><\/span><\/span><\/li>\n<\/ul>\n<\/li>\n<\/ul>\n<hr \/>\n<ul>\n<li><span style=\"font-family: verdana, geneva, sans-serif; color: #008000;\"><a style=\"color: #008000;\" href=\"http:\/\/www.diputados.gob.mx\/LeyesBiblio\/pdf\/148_050618.pdf\" target=\"_blank\" rel=\"noopener\">Ley General del Equilibrio Ecol\u00f3gico y la Protecci\u00f3n al Ambiente<\/a><\/span>\n<ul>\n<li><span style=\"font-family: verdana, geneva, sans-serif;\"><a href=\"http:\/\/www.diputados.gob.mx\/LeyesBiblio\/regley\/Reg_LGEEPA_MPCCA_311014.pdf\" target=\"_blank\" rel=\"noopener\"><span style=\"color: #008000;\">Reglamento de la\u00a0Ley General del Equilibrio Ecol\u00f3gico y la Protecci\u00f3n al Ambiente<\/span><\/a><\/span><\/li>\n<\/ul>\n<\/li>\n<\/ul>\n<ul>\n<li style=\"text-align: justify;\">\n<hr \/>\n<p><span style=\"font-family: verdana, geneva, sans-serif; font-size: 12pt; color: #008000;\"><span style=\"font-family: verdana, geneva, sans-serif; font-size: 12pt; color: #008000;\"><a style=\"color: #008000;\" href=\"http:\/\/www.economia-noms.gob.mx\/normas\/noms\/2010\/045semarnat2017.pdf\" target=\"_blank\" rel=\"noopener\">NOM-045-SEMARNAT-2017. Protecci\u00f3n ambiental.- Veh\u00edculos en circulaci\u00f3n que usan di\u00e9sel como combustible.- L\u00edmites m\u00e1ximos permisibles de opacidad, procedimiento de prueba y caracter\u00edsticas t\u00e9cnicas del equipo de medici\u00f3n.<\/a><\/span><\/span><\/p>\n<hr \/>\n<\/li>\n<\/ul>\n<ul>\n<li style=\"text-align: justify;\"><span style=\"font-family: verdana, geneva, sans-serif; font-size: 12pt; color: #008000;\"><span style=\"font-family: verdana, geneva, sans-serif; font-size: 12pt; color: #008000;\"><a style=\"color: #008000;\" href=\"http:\/\/www.dof.gob.mx\/nota_detalle.php?codigo=5378850&amp;fecha=19\/01\/2015&amp;print=true\" target=\"_blank\" rel=\"noopener\">NOM-068-SCT-2-2014. Transporte terrestre-Servicio de autotransporte federal de pasaje, turismo, carga, sus servicios auxiliares y transporte privado-Condiciones f\u00edsico-mec\u00e1nica y de seguridad para la operaci\u00f3n en v\u00edas generales de comunicaci\u00f3n de jurisdicci\u00f3n federal.<\/a><\/span><\/span><br \/>\n<hr \/>\n<\/li>\n<\/ul>\n<ul>\n<li style=\"text-align: justify;\"><span style=\"font-family: verdana, geneva, sans-serif; font-size: 12pt; color: #008000;\"><a style=\"color: #008000;\" href=\"http:\/\/www.economia-noms.gob.mx\/normas\/noms\/2010\/167semarnat2017.pdf\" target=\"_blank\" rel=\"noopener\">NOM-167-SEMARNAT-2017, Que establece los l\u00edmites m\u00e1ximos permisibles de emisi\u00f3n de contaminantes para los veh\u00edculos automotores que circulan en las entidades federativas Ciudad de M\u00e9xico, Hidalgo, Estado de M\u00e9xico, Morelos, Puebla y Tlaxcala; los m\u00e9todos de prueba para la evaluaci\u00f3n de dichos l\u00edmites y las especificaciones de tecnolog\u00edas de informaci\u00f3n y hologramas.<\/a><\/span><\/li>\n<\/ul>\n<p>&nbsp;<\/p>\n<p><img loading=\"lazy\" class=\"aligncenter wp-image-432 size-large\" src=\"http:\/\/serviciolasimdepuebla.com.mx\/wp-content\/uploads\/2019\/01\/verificacion-41-1024x379.jpg\" alt=\"verificacion lasim\" width=\"1024\" height=\"379\" srcset=\"https:\/\/serviciolasimdepuebla.com.mx\/wp-content\/uploads\/2019\/01\/verificacion-41-1024x379.jpg 1024w, https:\/\/serviciolasimdepuebla.com.mx\/wp-content\/uploads\/2019\/01\/verificacion-41-300x111.jpg 300w, https:\/\/serviciolasimdepuebla.com.mx\/wp-content\/uploads\/2019\/01\/verificacion-41-1x1.jpg 1w\" sizes=\"(max-width: 1024px) 100vw, 1024px\" \/><\/p>\n<p>&nbsp;<\/p>\n","protected":false},"excerpt":{"rendered":"<p>Nuestro sistema de gesti\u00f3n de calidad se basa en los requisitos de la Norma NMX-EC-17020-IMNC-2014 y considera el cumplimiento de las siguientes referencias normativas vigentes: &nbsp; Reglamento de Autotransporte Federal y Servicio Auxiliares Ley de Caminos, Puentes y Autotransporte Federal\u00a0y su\u00a0Reglamento Reglamento de Tr\u00e1nsito en Carreteras Federales Ley de Infrestructura de la Calidad\u00a0 Reglamento de [&hellip;]<\/p>\n","protected":false},"author":4,"featured_media":0,"parent":0,"menu_order":0,"comment_status":"closed","ping_status":"closed","template":"","meta":[],"_links":{"self":[{"href":"https:\/\/serviciolasimdepuebla.com.mx\/index.php?rest_route=\/wp\/v2\/pages\/259"}],"collection":[{"href":"https:\/\/serviciolasimdepuebla.com.mx\/index.php?rest_route=\/wp\/v2\/pages"}],"about":[{"href":"https:\/\/serviciolasimdepuebla.com.mx\/index.php?rest_route=\/wp\/v2\/types\/page"}],"author":[{"embeddable":true,"href":"https:\/\/serviciolasimdepuebla.com.mx\/index.php?rest_route=\/wp\/v2\/users\/4"}],"replies":[{"embeddable":true,"href":"https:\/\/serviciolasimdepuebla.com.mx\/index.php?rest_route=%2Fwp%2Fv2%2Fcomments&post=259"}],"version-history":[{"count":36,"href":"https:\/\/serviciolasimdepuebla.com.mx\/index.php?rest_route=\/wp\/v2\/pages\/259\/revisions"}],"predecessor-version":[{"id":569,"href":"https:\/\/serviciolasimdepuebla.com.mx\/index.php?rest_route=\/wp\/v2\/pages\/259\/revisions\/569"}],"wp:attachment":[{"href":"https:\/\/serviciolasimdepuebla.com.mx\/index.php?rest_route=%2Fwp%2Fv2%2Fmedia&parent=259"}],"curies":[{"name":"wp","href":"https:\/\/api.w.org\/{rel}","templated":true}]}}