{"id":27,"date":"2011-08-06T21:04:13","date_gmt":"2011-08-06T21:04:13","guid":{"rendered":"http:\/\/serviciolasimdepuebla.com.mx\/?page_id=27"},"modified":"2021-06-09T11:36:27","modified_gmt":"2021-06-09T17:36:27","slug":"alta-placas-automotor","status":"publish","type":"page","link":"https:\/\/serviciolasimdepuebla.com.mx\/?page_id=27","title":{"rendered":"Servicios"},"content":{"rendered":"<h3><a href=\"http:\/\/serviciolasimdepuebla.com.mx\/wp-content\/uploads\/2011\/08\/verificacion-lasim12.jpg\"><img loading=\"lazy\" class=\"aligncenter wp-image-502 size-full\" src=\"http:\/\/serviciolasimdepuebla.com.mx\/wp-content\/uploads\/2011\/08\/verificacion-lasim12.jpg\" alt=\"verificacion lasim\" width=\"3544\" height=\"1312\" srcset=\"https:\/\/serviciolasimdepuebla.com.mx\/wp-content\/uploads\/2011\/08\/verificacion-lasim12.jpg 3544w, https:\/\/serviciolasimdepuebla.com.mx\/wp-content\/uploads\/2011\/08\/verificacion-lasim12-300x111.jpg 300w, https:\/\/serviciolasimdepuebla.com.mx\/wp-content\/uploads\/2011\/08\/verificacion-lasim12-1024x379.jpg 1024w, https:\/\/serviciolasimdepuebla.com.mx\/wp-content\/uploads\/2011\/08\/verificacion-lasim12-1x1.jpg 1w\" sizes=\"(max-width: 3544px) 100vw, 3544px\" \/><\/a><\/h3>\n<table>\n<tbody>\n<tr>\n<td><\/td>\n<\/tr>\n<\/tbody>\n<\/table>\n<hr \/>\n<h3><span style=\"color: #008000;\">VERIFICACI\u00d3N VEHICULAR<\/span><\/h3>\n<p style=\"text-align: justify;\"><span style=\"font-family: verdana, geneva, sans-serif; font-size: 12pt;\"><span style=\"color: #008000;\">La verificaci\u00f3n veh\u00edcular es un m\u00e9todo para medir la concentraci\u00f3n de gases<\/span> producidos por la combusti\u00f3n de un veh\u00edculo en funcionamiento es decir, <span style=\"color: #008000;\">determina los l\u00edmites m\u00e1ximos permisibles de gases<\/span> de tal forma que estos se regeneren naturalmente.<\/span><\/p>\n<p style=\"text-align: justify;\"><span style=\"font-family: verdana, geneva, sans-serif;\"><span style=\"color: #008000;\">El humo di\u00e9sel es el resultado de la combusti\u00f3n del combustible di\u00e9sel.<\/span> Contiene cientos de compuestos qu\u00edmicos emitidos en fase gaseosa o fase particulada. Los principales productos gaseosos son di\u00f3xido de carbono (CO2), ox\u00edgeno, nitr\u00f3geno y vapor de agua. Tambi\u00e9n est\u00e1n presentes, el mon\u00f3xido de carbono (CO), el di\u00f3xido de azufre, los \u00f3xidos de nitr\u00f3geno (NOx), los hidrocarburos y sus derivados. El benzeno, el tolueno, el benzopireno y otros hidrocarburos polic\u00edclicos arom\u00e1ticos tambi\u00e9n est\u00e1n presentes en la parte gaseosa. <\/span><\/p>\n<p style=\"text-align: justify;\"><span style=\"font-family: verdana, geneva, sans-serif;\">La caracter\u00edstica principal de las emisiones di\u00e9sel es que se producen part\u00edculas en una proporci\u00f3n 20 veces superior a la de los motores de gasolina. Las part\u00edculas est\u00e1n compuestas de carbono elemental, compuestos org\u00e1nicos absorbidos por el di\u00e9sel (gasoil) y el aceite lubricante, sulfatos del azufre del di\u00e9sel y trazas de componentes met\u00e1licos. La mayor parte de la materia particulada tiene entre 0,02 y 0,5 \u00b5m (un micr\u00f3metro es la mil\u00e9sima parte de un mil\u00edmetro).<\/span><\/p>\n<p style=\"text-align: justify;\"><span style=\"font-family: verdana, geneva, sans-serif; font-size: 12pt;\"><span style=\"color: #008000;\">Por lo tanto, afinar el veh\u00edculo por lo menos una vez al a\u00f1o<\/span> reduce el costo de consumo de combustible, aminora los da\u00f1os colaterales al medio ambiente y a la salud de la poblaci\u00f3n.<\/span><\/p>\n<p style=\"text-align: justify;\"><span style=\"font-family: verdana, geneva, sans-serif; font-size: 12pt;\">Afina tu medio de transporte en <strong><span style=\"color: #008000;\">SERVICIO LASIM DE PUEBLA S.A de C.V<\/span><\/strong> por lo menos una vez al a\u00f1o y realicemos la verificaci\u00f3n en nuestro mes correspondiente, de acuerdo al \u00faltimo n\u00famero de la placa.<\/span><\/p>\n<table style=\"height: 257px;\" width=\"829\">\n<tbody>\n<tr>\n<td style=\"text-align: center;\"><a href=\"http:\/\/serviciolasimdepuebla.com.mx\/?page_id=303\"><img loading=\"lazy\" class=\"size-medium wp-image-296 aligncenter\" src=\"http:\/\/serviciolasimdepuebla.com.mx\/wp-content\/uploads\/2011\/08\/distintivo-ambiental-300x149.jpg\" alt=\"distintivo-ambiental\" width=\"300\" height=\"149\" srcset=\"https:\/\/serviciolasimdepuebla.com.mx\/wp-content\/uploads\/2011\/08\/distintivo-ambiental-300x149.jpg 300w, https:\/\/serviciolasimdepuebla.com.mx\/wp-content\/uploads\/2011\/08\/distintivo-ambiental-1x1.jpg 1w, https:\/\/serviciolasimdepuebla.com.mx\/wp-content\/uploads\/2011\/08\/distintivo-ambiental.jpg 596w\" sizes=\"(max-width: 300px) 100vw, 300px\" \/><\/a><\/p>\n<p><span style=\"color: #008000; font-family: verdana, geneva, sans-serif;\"><a style=\"color: #008000;\" href=\"http:\/\/serviciolasimdepuebla.com.mx\/?page_id=303\">Inspecci\u00f3n F\u00edsico-Mec\u00e1nico<\/a><\/span><\/p>\n<p><span style=\"color: #008000; font-family: verdana, geneva, sans-serif;\"><a style=\"color: #008000;\" href=\"http:\/\/serviciolasimdepuebla.com.mx\/?page_id=303\">NOM-068-SCT-2-2014<\/a><\/span><\/td>\n<td style=\"text-align: center;\"><a href=\"http:\/\/serviciolasimdepuebla.com.mx\/?page_id=315\"><img loading=\"lazy\" class=\"alignnone size-medium wp-image-494\" src=\"http:\/\/serviciolasimdepuebla.com.mx\/wp-content\/uploads\/2011\/08\/agentes-contaminantes1-300x149.jpg\" alt=\"agentes-contaminantes\" width=\"300\" height=\"149\" srcset=\"https:\/\/serviciolasimdepuebla.com.mx\/wp-content\/uploads\/2011\/08\/agentes-contaminantes1-300x149.jpg 300w, https:\/\/serviciolasimdepuebla.com.mx\/wp-content\/uploads\/2011\/08\/agentes-contaminantes1-1x1.jpg 1w, https:\/\/serviciolasimdepuebla.com.mx\/wp-content\/uploads\/2011\/08\/agentes-contaminantes1.jpg 596w\" sizes=\"(max-width: 300px) 100vw, 300px\" \/><\/a><\/p>\n<p><span style=\"color: #008000; font-family: verdana, geneva, sans-serif;\"><a style=\"color: #008000;\" href=\"http:\/\/serviciolasimdepuebla.com.mx\/?page_id=315\">Emisiones Contaminantes<\/a><\/span><\/p>\n<p><span style=\"color: #008000; font-family: verdana, geneva, sans-serif;\"><a style=\"color: #008000;\" href=\"http:\/\/serviciolasimdepuebla.com.mx\/?page_id=315\">NOM-045-SERMARNAT-2017<\/a><\/span><\/td>\n<\/tr>\n<\/tbody>\n<\/table>\n<h3><span style=\"color: #008000;\"><strong>REQUISITOS DE VERIFICACI\u00d3N:<\/strong><\/span><\/h3>\n<ol>\n<li><span style=\"font-family: verdana, geneva, sans-serif; font-size: 12pt;\">Verificaci\u00f3n\/Dictamen anterior (original) o pago de multa<\/span><\/li>\n<li><span style=\"font-family: verdana, geneva, sans-serif; font-size: 12pt;\">Tarjeta de circulaci\u00f3n<\/span><\/li>\n<\/ol>\n","protected":false},"excerpt":{"rendered":"<p>VERIFICACI\u00d3N VEHICULAR La verificaci\u00f3n veh\u00edcular es un m\u00e9todo para medir la concentraci\u00f3n de gases producidos por la combusti\u00f3n de un veh\u00edculo en funcionamiento es decir, determina los l\u00edmites m\u00e1ximos permisibles de gases de tal forma que estos se regeneren naturalmente. El humo di\u00e9sel es el resultado de la combusti\u00f3n del combustible di\u00e9sel. Contiene cientos de [&hellip;]<\/p>\n","protected":false},"author":1,"featured_media":0,"parent":0,"menu_order":0,"comment_status":"closed","ping_status":"open","template":"","meta":[],"_links":{"self":[{"href":"https:\/\/serviciolasimdepuebla.com.mx\/index.php?rest_route=\/wp\/v2\/pages\/27"}],"collection":[{"href":"https:\/\/serviciolasimdepuebla.com.mx\/index.php?rest_route=\/wp\/v2\/pages"}],"about":[{"href":"https:\/\/serviciolasimdepuebla.com.mx\/index.php?rest_route=\/wp\/v2\/types\/page"}],"author":[{"embeddable":true,"href":"https:\/\/serviciolasimdepuebla.com.mx\/index.php?rest_route=\/wp\/v2\/users\/1"}],"replies":[{"embeddable":true,"href":"https:\/\/serviciolasimdepuebla.com.mx\/index.php?rest_route=%2Fwp%2Fv2%2Fcomments&post=27"}],"version-history":[{"count":35,"href":"https:\/\/serviciolasimdepuebla.com.mx\/index.php?rest_route=\/wp\/v2\/pages\/27\/revisions"}],"predecessor-version":[{"id":552,"href":"https:\/\/serviciolasimdepuebla.com.mx\/index.php?rest_route=\/wp\/v2\/pages\/27\/revisions\/552"}],"wp:attachment":[{"href":"https:\/\/serviciolasimdepuebla.com.mx\/index.php?rest_route=%2Fwp%2Fv2%2Fmedia&parent=27"}],"curies":[{"name":"wp","href":"https:\/\/api.w.org\/{rel}","templated":true}]}}