{"id":31,"date":"2011-08-06T21:19:09","date_gmt":"2011-08-06T21:19:09","guid":{"rendered":"http:\/\/serviciolasimdepuebla.com.mx\/?page_id=31"},"modified":"2019-01-30T12:23:48","modified_gmt":"2019-01-30T18:23:48","slug":"quienes-somos","status":"publish","type":"page","link":"https:\/\/serviciolasimdepuebla.com.mx\/?page_id=31","title":{"rendered":"\u00bfQui\u00e9nes somos?"},"content":{"rendered":"<h3><span style=\"color: #008000; font-family: verdana, geneva, sans-serif; font-size: 12pt;\"><strong>NUESTRA MISI\u00d3N<\/strong><\/span><\/h3>\n<p style=\"text-align: justify;\"><span style=\"font-family: verdana, geneva, sans-serif;\"><img loading=\"lazy\" class=\" wp-image-411 alignleft\" src=\"http:\/\/serviciolasimdepuebla.com.mx\/wp-content\/uploads\/2011\/08\/OTI-mision-vision-icono-MISION-1.png\" alt=\"OTI-mision-vision-icono-MISION-1\" width=\"185\" height=\"186\" srcset=\"https:\/\/serviciolasimdepuebla.com.mx\/wp-content\/uploads\/2011\/08\/OTI-mision-vision-icono-MISION-1.png 200w, https:\/\/serviciolasimdepuebla.com.mx\/wp-content\/uploads\/2011\/08\/OTI-mision-vision-icono-MISION-1-150x150.png 150w, https:\/\/serviciolasimdepuebla.com.mx\/wp-content\/uploads\/2011\/08\/OTI-mision-vision-icono-MISION-1-1x1.png 1w\" sizes=\"(max-width: 185px) 100vw, 185px\" \/><\/span><\/p>\n<p style=\"text-align: justify;\"><span style=\"font-family: verdana, geneva, sans-serif;\">Ser una unidad de verificaci\u00f3n de vanguardia con la capacidad t\u00e9cnica necesaria para otorgar los servicios de verificaci\u00f3n de las emisiones de humo o gases contaminantes a la atm\u00f3sfera de los veh\u00edculos de servicio particular y privado de conformidad con las normas, NOM-167-SEMARNAT-2017, NOM-045-SEMARNAT-2017, NOM-068-SCT-2-2014, promoviendo el equilibrio con el medio ambiente.<\/span><\/p>\n<p style=\"text-align: justify;\">.<\/p>\n<h3><\/h3>\n<p>&nbsp;<\/p>\n<h3 style=\"text-align: left;\"><\/h3>\n<hr \/>\n<p>&nbsp;<\/p>\n<h3 style=\"text-align: left;\">\u00a0<span style=\"color: #008000; font-family: verdana, geneva, sans-serif; font-size: 12pt;\"><strong>NUESTRA VISI\u00d3N<\/strong><\/span><\/h3>\n<p style=\"text-align: justify;\"><img loading=\"lazy\" class=\"wp-image-413 alignleft\" src=\"http:\/\/serviciolasimdepuebla.com.mx\/wp-content\/uploads\/2011\/08\/OTI-mision-vision-icono-VALORES.png\" alt=\"OTI-mision-vision-icono-VALORES\" width=\"186\" height=\"187\" srcset=\"https:\/\/serviciolasimdepuebla.com.mx\/wp-content\/uploads\/2011\/08\/OTI-mision-vision-icono-VALORES.png 200w, https:\/\/serviciolasimdepuebla.com.mx\/wp-content\/uploads\/2011\/08\/OTI-mision-vision-icono-VALORES-150x150.png 150w, https:\/\/serviciolasimdepuebla.com.mx\/wp-content\/uploads\/2011\/08\/OTI-mision-vision-icono-VALORES-1x1.png 1w\" sizes=\"(max-width: 186px) 100vw, 186px\" \/><span style=\"font-family: verdana, geneva, sans-serif;\">Desarrollar sistemas y m\u00e9todos para la verificaci\u00f3n de emisiones contaminantes mediante t\u00e9cnicas innovadoras que permitan <span style=\"color: #008000;\">generar resultados positivos respecto a la protecci\u00f3n del medio ambiente<\/span>, elevando as\u00ed la calidad y seguridad de vida en nuestro entorno.<\/span><\/p>\n<p style=\"text-align: justify;\"><span style=\"font-size: 12pt; font-family: verdana, geneva, sans-serif;\">As\u00ed como llevar a cabo por cuenta propia o de terceros <span style=\"color: #008000;\">programas de capacitaci\u00f3n t\u00e9cnica que permita alcanzar los prop\u00f3sitos establecidos en las normas<\/span>; NOM-167-SEMARNAT-2017, NOM-045-SEMARNAT-2017, NOM-068-SCT-2 -2014, mediante un programa de mejora continua.<\/span><\/p>\n<h3><span style=\"font-family: verdana, geneva, sans-serif; font-size: 12pt;\">\u00a0<\/span><\/h3>\n<p>&nbsp;<\/p>\n<hr \/>\n<h3><span style=\"color: #008000; font-family: verdana, geneva, sans-serif; font-size: 12pt;\"><strong>POL\u00cdTICA DE CALIDAD<\/strong><\/span><\/h3>\n<p style=\"text-align: justify;\"><span style=\"font-size: 12pt; font-family: verdana, geneva, sans-serif;\"><span style=\"color: #008000;\"><img loading=\"lazy\" class=\" wp-image-418 alignright\" src=\"http:\/\/serviciolasimdepuebla.com.mx\/wp-content\/uploads\/2011\/08\/csm_emprendedores-empresa-icono_80f08c4492-300x225.png\" alt=\"csm_emprendedores-empresa-icono_80f08c4492\" width=\"164\" height=\"123\" srcset=\"https:\/\/serviciolasimdepuebla.com.mx\/wp-content\/uploads\/2011\/08\/csm_emprendedores-empresa-icono_80f08c4492-300x225.png 300w, https:\/\/serviciolasimdepuebla.com.mx\/wp-content\/uploads\/2011\/08\/csm_emprendedores-empresa-icono_80f08c4492-1x1.png 1w, https:\/\/serviciolasimdepuebla.com.mx\/wp-content\/uploads\/2011\/08\/csm_emprendedores-empresa-icono_80f08c4492.png 900w\" sizes=\"(max-width: 164px) 100vw, 164px\" \/>Otorgar los servicios de verificaci\u00f3n de las emisiones contaminantes a los veh\u00edculos del servicio particular y privado, manteniendo un sistema de calidad<\/span> basado en la Norma NMX-EC-17020-IMNC-2014 a trav\u00e9s de la mejora continua, contribuyendo as\u00ed con la preservaci\u00f3n del equilibrio ecol\u00f3gico y la protecci\u00f3n al medio ambiente.<\/span><\/p>\n<h3><span style=\"font-family: verdana, geneva, sans-serif; font-size: 12pt;\">\u00a0<\/span><\/h3>\n<h3><span style=\"color: #008000; font-family: verdana, geneva, sans-serif; font-size: 12pt;\"><strong><img loading=\"lazy\" class=\" wp-image-423 alignright\" src=\"http:\/\/serviciolasimdepuebla.com.mx\/wp-content\/uploads\/2011\/08\/images.png\" alt=\"images\" width=\"133\" height=\"130\" \/>POL\u00cdTICA DE CONFIDENCIALIDAD<\/strong><\/span><\/h3>\n<p><span style=\"font-size: 12pt; font-family: verdana, geneva, sans-serif;\">La informaci\u00f3n confidencial que maneje la unidad de verificaci\u00f3n <span style=\"color: #008000;\">ser\u00e1 de la exclusiva propiedad de la parte que la proporcione<\/span> y <span style=\"color: #008000;\">no podr\u00e1 ser divulgada<\/span> en forma alguna.<\/span><\/p>\n<p>&nbsp;<\/p>\n<h3><span style=\"color: #008000; font-family: verdana, geneva, sans-serif; font-size: 12pt;\"><strong>POL\u00cdTICA DE IMPARCIALIDAD E INDEPENDENCIA<\/strong><\/span><\/h3>\n<p style=\"text-align: justify;\"><span style=\"font-size: 12pt; font-family: verdana, geneva, sans-serif;\"><span style=\"color: #008000;\"><img loading=\"lazy\" class=\" wp-image-420 alignright\" src=\"http:\/\/serviciolasimdepuebla.com.mx\/wp-content\/uploads\/2011\/08\/csm_emprendedores-espacios-icono_1f791cf088-300x225.png\" alt=\"csm_emprendedores-espacios-icono_1f791cf088\" width=\"163\" height=\"122\" srcset=\"https:\/\/serviciolasimdepuebla.com.mx\/wp-content\/uploads\/2011\/08\/csm_emprendedores-espacios-icono_1f791cf088-300x225.png 300w, https:\/\/serviciolasimdepuebla.com.mx\/wp-content\/uploads\/2011\/08\/csm_emprendedores-espacios-icono_1f791cf088-1x1.png 1w, https:\/\/serviciolasimdepuebla.com.mx\/wp-content\/uploads\/2011\/08\/csm_emprendedores-espacios-icono_1f791cf088.png 900w\" sizes=\"(max-width: 163px) 100vw, 163px\" \/>La unidad de verificaci\u00f3n no tiene durante el proceso de verificaci\u00f3n, relaci\u00f3n comercial alguna ni es empleado del permisionario o propietario<\/span>, ni del solicitante de la verificaci\u00f3n, para evitar conflicto de intereses. Asimismo, no tiene participaci\u00f3n en el dise\u00f1o, construcci\u00f3n e instalaci\u00f3n, ni en alguna consultor\u00eda\u00a0<\/span><span style=\"font-size: 12pt; font-family: verdana, geneva, sans-serif;\">relacionada con el servicio de verificaci\u00f3n, ni en la posesi\u00f3n de equipo y\/o mantenimiento para el servicio que se presta, garantizando la objetividad de sus actividades.<\/span><\/p>\n<p>&nbsp;<\/p>\n<p>&nbsp;<\/p>\n","protected":false},"excerpt":{"rendered":"<p>NUESTRA MISI\u00d3N Ser una unidad de verificaci\u00f3n de vanguardia con la capacidad t\u00e9cnica necesaria para otorgar los servicios de verificaci\u00f3n de las emisiones de humo o gases contaminantes a la atm\u00f3sfera de los veh\u00edculos de servicio particular y privado de conformidad con las normas, NOM-167-SEMARNAT-2017, NOM-045-SEMARNAT-2017, NOM-068-SCT-2-2014, promoviendo el equilibrio con el medio ambiente. . [&hellip;]<\/p>\n","protected":false},"author":1,"featured_media":0,"parent":0,"menu_order":0,"comment_status":"closed","ping_status":"open","template":"","meta":[],"_links":{"self":[{"href":"https:\/\/serviciolasimdepuebla.com.mx\/index.php?rest_route=\/wp\/v2\/pages\/31"}],"collection":[{"href":"https:\/\/serviciolasimdepuebla.com.mx\/index.php?rest_route=\/wp\/v2\/pages"}],"about":[{"href":"https:\/\/serviciolasimdepuebla.com.mx\/index.php?rest_route=\/wp\/v2\/types\/page"}],"author":[{"embeddable":true,"href":"https:\/\/serviciolasimdepuebla.com.mx\/index.php?rest_route=\/wp\/v2\/users\/1"}],"replies":[{"embeddable":true,"href":"https:\/\/serviciolasimdepuebla.com.mx\/index.php?rest_route=%2Fwp%2Fv2%2Fcomments&post=31"}],"version-history":[{"count":48,"href":"https:\/\/serviciolasimdepuebla.com.mx\/index.php?rest_route=\/wp\/v2\/pages\/31\/revisions"}],"predecessor-version":[{"id":498,"href":"https:\/\/serviciolasimdepuebla.com.mx\/index.php?rest_route=\/wp\/v2\/pages\/31\/revisions\/498"}],"wp:attachment":[{"href":"https:\/\/serviciolasimdepuebla.com.mx\/index.php?rest_route=%2Fwp%2Fv2%2Fmedia&parent=31"}],"curies":[{"name":"wp","href":"https:\/\/api.w.org\/{rel}","templated":true}]}}