{"id":94,"date":"2015-10-05T13:57:37","date_gmt":"2015-10-05T19:57:37","guid":{"rendered":"http:\/\/serviciolasimdepuebla.com.mx\/?page_id=94"},"modified":"2021-07-02T18:49:50","modified_gmt":"2021-07-03T00:49:50","slug":"privacy","status":"publish","type":"page","link":"https:\/\/serviciolasimdepuebla.com.mx\/?page_id=94","title":{"rendered":"Pol\u00edticas de Privacidad"},"content":{"rendered":"<p style=\"text-align: justify;\">El presente Aviso de Privacidad tiene como objeto informarle sobre el tratamiento que se le dar\u00e1 a los datos personales que sean recabados, utilizados, almacenados y\/o transferidos por Servicio Lasim de Puebla, S.A. de C.V., de conformidad con los t\u00e9rminos y condiciones que a continuaci\u00f3n se describen:<\/p>\n<p style=\"text-align: justify;\">Identidad y domicilio del responsable: En cumplimiento con lo establecido por la Ley Federal de Protecci\u00f3n de Datos Personales en Posesi\u00f3n de los Particulares, en sus abreviaturas LFPDPPP (\u201cLey\u201d), Servicio Lasim de Puebla, S.A. de C.V., con domicilio ubicado en Carretera V\u00eda Corta a Santa Ana km. 2.5 No.17, Col. San Jos\u00e9 del Conde Puebla, Puebla, C.P. 72100, hace de su conocimiento el presente aviso de privacidad, en el que en todo momento se buscar\u00e1 que el tratamiento de los datos sea leg\u00edtimo, controlado e informado, a efecto de garantizar la privacidad de los mismos.<\/p>\n<p style=\"text-align: justify;\">Finalidad del tratamiento de sus datos: Los datos personales y\/o personales sensibles que proporcione cualquier persona f\u00edsica, incluyendo sin limitar, clientes, proveedores, postulantes y\/o interesados a diferentes puestos vacantes, empleados y\/o usuarios, a Servicio Lasim de Puebla, S.A. de C.V. tendr\u00e1n el uso que en forma enunciativa pero no limitativa se describe a continuaci\u00f3n: Para identificar, ubicar, comunicar, contactar y\/o enviar o suministrar informaci\u00f3n y\/o productos o servicios solicitados, reclutamiento, selecci\u00f3n y administraci\u00f3n de personal, alta en nuestras bases de datos de Clientes y\/o Proveedores, para cumplimiento de obligaciones derivadas de operaciones mercantiles y laborales en las que usted es parte como por ejemplo: contrataciones, compraventas, contratos de servicios, operaciones financieras y pagos, o de cualquier otra naturaleza o \u00edndole.<\/p>\n<p style=\"text-align: justify;\">Entendi\u00e9ndose por datos personales, aquellos que la Ley identifica como: cualquier informaci\u00f3n concerniente a una persona f\u00edsica identificada o identificable y como datos personales sensibles: aquellos datos personales que afecten a la esfera m\u00e1s \u00edntima de su titular, o cuya utilizaci\u00f3n indebida pueda dar origen a discriminaci\u00f3n o conlleve un riesgo grave para \u00e9ste.<\/p>\n<p style=\"text-align: justify;\">En particular, se consideran sensibles aquellos que puedan revelar aspectos como origen racial o \u00e9tnico, estado de salud presente y futura, informaci\u00f3n gen\u00e9tica, creencias religiosas, filos\u00f3ficas y morales, afiliaci\u00f3n sindical, opiniones pol\u00edticas y preferencia sexual.<\/p>\n<p style=\"text-align: justify;\">Seguridad, uso o divulgaci\u00f3n de datos personales Servicio Lasim de Puebla, S.A. de C.V. implementar\u00e1 las medidas de seguridad, t\u00e9cnicas, administrativas y f\u00edsicas, necesarias para proteger sus datos personales y evitar su da\u00f1o, p\u00e9rdida, alteraci\u00f3n, destrucci\u00f3n o el uso, acceso o tratamiento no autorizado. \u00danicamente el personal autorizado, que ha cumplido y observado los correspondientes requisitos de confidencialidad, podr\u00e1 participar en el tratamiento de sus datos personales.<\/p>\n<p style=\"text-align: justify;\">El personal autorizado tiene prohibido permitir el acceso de personas no autorizadas y utilizar sus datos personales para fines distintos a los establecidos en el presente Aviso de Privacidad. La obligaci\u00f3n de confidencialidad de las personas que participan en el tratamiento de sus datos personales subsiste a\u00fan despu\u00e9s determinada la relaci\u00f3n con Servicio Lasim de Puebla, S.A. de C.V.<\/p>\n<p style=\"text-align: justify;\">Servicio Lasim de Puebla, S.A. de C.V. cuenta con los medios f\u00edsicos, digitales y electr\u00f3nicos para proteger y limitar el uso o divulgaci\u00f3n de su informaci\u00f3n y no obtiene ni almacena informaci\u00f3n de ninguna especie mediante cookies, web o similares durante el acceso a su p\u00e1gina web y no utiliza la informaci\u00f3n de los particulares para fines distintos a los relacionados con sus operaciones arriba se\u00f1alados.<\/p>\n<p style=\"text-align: justify;\">Derechos que le corresponden Usted como titular de datos personales podr\u00e1 ejercitar ante el departamento de Protecci\u00f3n de Datos de Servicio Lasim de Puebla, S.A. de C.V. los Derechos ARCO que de acuerdo a la \u201cLey\u201d son: de acceso, rectificaci\u00f3n, cancelaci\u00f3n y oposici\u00f3n respecto al tratamiento de sus datos personales. Asimismo, podr\u00e1 revocar, en todo momento, el consentimiento que haya otorgado y que fuere necesario para el tratamiento de sus datos personales, siempre y cuando no haya relaci\u00f3n o v\u00ednculo vigente con Servicio Lasim de Puebla, S.A. de C.V.<br \/>\nEn caso que desee ejercer sus derechos de acceso, rectificaci\u00f3n, cancelaci\u00f3n u oposici\u00f3n, estos los podr\u00e1n ejercer en todo momento dirigiendo su solicitud al departamento de Calidad de la unidad de verificaci\u00f3n (Protecci\u00f3n de Datos) utilizando cualquiera de los mecanismos. Correo electr\u00f3nico servicios_lasim@hotmail.com<\/p>\n<p style=\"text-align: justify;\">\n","protected":false},"excerpt":{"rendered":"<p>El presente Aviso de Privacidad tiene como objeto informarle sobre el tratamiento que se le dar\u00e1 a los datos personales que sean recabados, utilizados, almacenados y\/o transferidos por Servicio Lasim de Puebla, S.A. de C.V., de conformidad con los t\u00e9rminos y condiciones que a continuaci\u00f3n se describen: Identidad y domicilio del responsable: En cumplimiento con [&hellip;]<\/p>\n","protected":false},"author":1,"featured_media":0,"parent":0,"menu_order":0,"comment_status":"closed","ping_status":"closed","template":"","meta":[],"_links":{"self":[{"href":"https:\/\/serviciolasimdepuebla.com.mx\/index.php?rest_route=\/wp\/v2\/pages\/94"}],"collection":[{"href":"https:\/\/serviciolasimdepuebla.com.mx\/index.php?rest_route=\/wp\/v2\/pages"}],"about":[{"href":"https:\/\/serviciolasimdepuebla.com.mx\/index.php?rest_route=\/wp\/v2\/types\/page"}],"author":[{"embeddable":true,"href":"https:\/\/serviciolasimdepuebla.com.mx\/index.php?rest_route=\/wp\/v2\/users\/1"}],"replies":[{"embeddable":true,"href":"https:\/\/serviciolasimdepuebla.com.mx\/index.php?rest_route=%2Fwp%2Fv2%2Fcomments&post=94"}],"version-history":[{"count":12,"href":"https:\/\/serviciolasimdepuebla.com.mx\/index.php?rest_route=\/wp\/v2\/pages\/94\/revisions"}],"predecessor-version":[{"id":557,"href":"https:\/\/serviciolasimdepuebla.com.mx\/index.php?rest_route=\/wp\/v2\/pages\/94\/revisions\/557"}],"wp:attachment":[{"href":"https:\/\/serviciolasimdepuebla.com.mx\/index.php?rest_route=%2Fwp%2Fv2%2Fmedia&parent=94"}],"curies":[{"name":"wp","href":"https:\/\/api.w.org\/{rel}","templated":true}]}}